{"id":475,"date":"2017-12-19T15:38:18","date_gmt":"2017-12-19T12:38:18","guid":{"rendered":"https:\/\/bdp.lt\/pradinis\/"},"modified":"2021-08-12T19:13:21","modified_gmt":"2021-08-12T16:13:21","slug":"pradinis","status":"publish","type":"page","link":"https:\/\/bdp.lt\/ru\/","title":{"rendered":"\u0413\u043b\u0430\u0432\u043d\u0430\u044f \u0441\u0442\u0440\u0430\u043d\u0438\u0446\u0430"},"content":{"rendered":"<div class=\"wpb-content-wrapper\"><p>[vc_row type=&#187;vc_default&#187; full_width=&#187;stretch_row_content_no_spaces&#187; content_placement=&#187;middle&#187; full_width_row=&#187;true&#187; padding_left=&#187;50&#8243;][vc_column width=&#187;1\/3&#8243; css=&#187;.vc_custom_1516483421640{padding-left: 50px !important;background-color: #ffffff !important;}&#187;][vc_row_inner][vc_column_inner width=&#187;1\/2&#8243; css=&#187;.vc_custom_1547730507202{padding-right: 2px !important;}&#187;][vc_column_text]<a href=\"https:\/\/bdp.lt\/ru\/gaminiai\/tentai-tentu-gamyba\/\"><img loading=\"lazy\" decoding=\"async\" class=\"alignnone size-full wp-image-47\" src=\"http:\/\/bdp.lt\/\/wp-content\/uploads\/2018\/01\/Spauda-ant-tento-ir-tinklo.png\" alt=\"\" width=\"45\" height=\"45\" \/><\/a><\/p>\n<p style=\"text-align: left;\"><a href=\"https:\/\/bdp.lt\/ru\/gaminiai\/tentai-tentu-gamyba\/\"><strong>\u0411\u0430\u043d\u043d\u0435\u0440\u044b, \u0438\u0437\u0433\u043e\u0442\u043e\u0432\u043b\u0435\u043d\u0438\u0435 \u0431\u0430\u043d\u043d\u0435\u0440\u043e\u0432<\/strong><\/a><\/p>\n<p>[\/vc_column_text][\/vc_column_inner][vc_column_inner width=&#187;1\/2&#8243; css=&#187;.vc_custom_1547730516449{padding-right: 2px !important;}&#187;][vc_column_text]<a href=\"https:\/\/bdp.lt\/ru\/gaminiai\/reklamos-gamyba\/\"><img loading=\"lazy\" decoding=\"async\" class=\"alignnone wp-image-161 size-full\" src=\"http:\/\/bdp.lt\/\/wp-content\/uploads\/2018\/01\/Reklamos-darbai-paslaugos.png\" alt=\"\" width=\"30\" height=\"45\" \/><\/a><\/p>\n<p style=\"text-align: left;\"><a href=\"https:\/\/bdp.lt\/ru\/gaminiai\/reklamos-gamyba\/\"><strong>\u0418\u0437\u0433\u043e\u0442\u043e\u0432\u043b\u0435\u043d\u0438\u0435 \u0440\u0435\u043a\u043b\u0430\u043c\u044b<\/strong><\/a><\/p>\n<p>[\/vc_column_text][\/vc_column_inner][\/vc_row_inner][vc_row_inner][vc_column_inner width=&#187;1\/2&#8243; css=&#187;.vc_custom_1547730522506{padding-right: 2px !important;}&#187;][vc_column_text]<a href=\"https:\/\/bdp.lt\/ru\/gaminiai\/spauda-ant-skaidriu-backlit-veliavu-drobiu-ir-tapetu\/\"><img loading=\"lazy\" decoding=\"async\" class=\"alignnone wp-image-48 size-full\" src=\"http:\/\/bdp.lt\/\/wp-content\/uploads\/2018\/01\/Spauda-ant-v\u0117liav\u0173-skaidri\u0173-drobi\u0173-ir-tapet\u0173.png\" alt=\"\" width=\"45\" height=\"45\" \/><\/a><\/p>\n<p style=\"text-align: left;\"><a href=\"https:\/\/bdp.lt\/ru\/gaminiai\/spauda-ant-skaidriu-backlit-veliavu-drobiu-ir-tapetu\/\"><strong>\u041f\u0435\u0447\u0430\u0442\u044c \u043d\u0430 \u0441\u043f\u0435\u0446\u0438\u0430\u043b\u044c\u043d\u043e\u043c \u043c\u0430\u0442\u0435\u0440\u0438\u0430\u043b\u0435 \u0431\u044d\u043a\u043b\u0438\u0442 (backlit), \u0444\u043b\u0430\u0433\u0430\u0445, \u0445\u043e\u043b\u0441\u0442\u0430\u0445 \u0438 \u043e\u0431\u043e\u044f\u0445<\/strong><\/a><\/p>\n<p>[\/vc_column_text][\/vc_column_inner][vc_column_inner width=&#187;1\/2&#8243; css=&#187;.vc_custom_1547730441635{padding-right: 3px !important;}&#187;][vc_column_text]<a href=\"https:\/\/bdp.lt\/ru\/gaminiai\/spauda-ant-kartono-plastiko-aliuminio-kompozito-akrilo-stiklo\/\"><img loading=\"lazy\" decoding=\"async\" class=\"alignnone wp-image-45 size-full\" src=\"http:\/\/bdp.lt\/\/wp-content\/uploads\/2018\/01\/Spauda-ant-kartono-plastiko-aliuminio-kompozito-akrilo-stiklo.png\" alt=\"\" width=\"45\" height=\"45\" \/><\/a><\/p>\n<p style=\"text-align: left;\"><a href=\"https:\/\/bdp.lt\/ru\/gaminiai\/spauda-ant-kartono-plastiko-aliuminio-kompozito-akrilo-stiklo\/\"><strong>\u041f\u0435\u0447\u0430\u0442\u044c \u043d\u0430 \u043a\u0430\u0440\u0442\u043e\u043d\u0435, \u043f\u043b\u0430\u0441\u0442\u0438\u043a\u0435, \u0430\u043b\u044e\u043c\u0438\u043d\u0438\u0438, \u043a\u043e\u043c\u043f\u043e\u0437\u0438\u0442\u0435, \u0430\u043a\u0440\u0438\u043b\u0435, \u0441\u0442\u0435\u043a\u043b\u0435<\/strong><\/a><\/p>\n<p>[\/vc_column_text][\/vc_column_inner][\/vc_row_inner][vc_row_inner][vc_column_inner width=&#187;1\/2&#8243; css=&#187;.vc_custom_1547730375284{padding-right: 3px !important;}&#187;][vc_column_text]<a href=\"https:\/\/bdp.lt\/ru\/gaminiai\/plakatai-plakatu-gamyba\/\"><img loading=\"lazy\" decoding=\"async\" class=\"alignnone wp-image-159 size-full\" src=\"http:\/\/bdp.lt\/\/wp-content\/uploads\/2018\/01\/Plakatai-plakat\u0173-gamyba-spauda.png\" alt=\"\" width=\"29\" height=\"45\" \/><\/a><\/p>\n<p style=\"text-align: left;\"><a href=\"https:\/\/bdp.lt\/ru\/gaminiai\/plakatai-plakatu-gamyba\/\"><strong>\u041f\u043b\u0430\u043a\u0430\u0442\u044b, \u0438\u0437\u0433\u043e\u0442\u043e\u0432\u043b\u0435\u043d\u0438\u0435 \u043f\u043b\u0430\u043a\u0430\u0442\u043e\u0432<\/strong><\/a><\/p>\n<p>[\/vc_column_text][\/vc_column_inner][vc_column_inner width=&#187;1\/2&#8243; css=&#187;.vc_custom_1547730527136{padding-right: 2px !important;}&#187;][vc_column_text]<a href=\"https:\/\/bdp.lt\/ru\/gaminiai\/lipdukai-lipduku-gamyba\/\"><img loading=\"lazy\" decoding=\"async\" class=\"alignnone wp-image-46 size-full\" src=\"http:\/\/bdp.lt\/\/wp-content\/uploads\/2018\/01\/Spauda-ant-lipduko-ir-popieriaus.png\" alt=\"\" width=\"45\" height=\"45\" \/><\/a><\/p>\n<p style=\"text-align: left;\"><a href=\"https:\/\/bdp.lt\/ru\/gaminiai\/lipdukai-lipduku-gamyba\/\"><strong>\u041d\u0430\u043a\u043b\u0435\u0439\u043a\u0438, \u0438\u0437\u0433\u043e\u0442\u043e\u0432\u043b\u0435\u043d\u0438\u0435 \u043d\u0430\u043a\u043b\u0435\u0435\u043a<\/strong><\/a><\/p>\n<p>[\/vc_column_text][\/vc_column_inner][\/vc_row_inner][vc_row_inner][vc_column_inner width=&#187;1\/2&#8243; css=&#187;.vc_custom_1547730533096{padding-right: 2px !important;}&#187;][vc_column_text]<a href=\"https:\/\/bdp.lt\/ru\/gaminiai\/lipdukai-lipduku-gamyba\/\"><img loading=\"lazy\" decoding=\"async\" class=\"alignnone wp-image-160 size-full\" src=\"http:\/\/bdp.lt\/\/wp-content\/uploads\/2018\/01\/Dizaino-paslaugos.png\" alt=\"\" width=\"58\" height=\"45\" \/><\/a><\/p>\n<p style=\"text-align: left;\"><a href=\"https:\/\/bdp.lt\/ru\/gaminiai\/lipdukai-lipduku-gamyba\/\"><strong>\u0414\u0438\u0437\u0430\u0439\u043d, \u0434\u0438\u0437\u0430\u0439\u043d\u0435\u0440\u0441\u043a\u0438\u0435 \u0440\u0430\u0431\u043e\u0442\u044b<\/strong><\/a><\/p>\n<p>[\/vc_column_text][\/vc_column_inner][vc_column_inner width=&#187;1\/2&#8243;][\/vc_column_inner][\/vc_row_inner][\/vc_column][vc_column width=&#187;2\/3&#8243; offset=&#187;vc_hidden-sm vc_hidden-xs&#187;][rev_slider_vc alias=&#187;video&#187;][\/vc_column][\/vc_row][vc_row type=&#187;vc_default&#187; full_width=&#187;stretch_row_content_no_spaces&#187; full_height=&#187;yes&#187; content_placement=&#187;middle&#187; css=&#187;.vc_custom_1515364315035{margin-top: -35px !important;}&#187;][vc_column][vc_media_grid element_width=&#187;3&#8243; gap=&#187;0&#8243; grid_id=&#187;vc_gid:1628784765299-b3ed897797126c62a50177e02b13bb04-1&#8243; include=&#187;309,289,287,60,82,65,79,77&#8243;][\/vc_column][\/vc_row][vc_row][vc_column][vc_column_text]<\/p>\n<h2 style=\"text-align: center;\">\u041f\u043e\u043b\u0443\u0447\u0438\u0442\u0435 \u043d\u0430\u0448\u0438 \u043d\u043e\u0432\u043e\u0441\u0442\u0438 \u043f\u0435\u0440\u0432\u044b\u043c!<\/h2>\n<p>&nbsp;<\/p>\n<p style=\"text-align: center;\"><style type=\"text\/css\">#dt-btn-1 {color: #0080bf;border-color: #0080bf;}#dt-btn-1 > .text-wrap * {color: #0080bf;}#dt-btn-1:hover {color: #ffffff;background: #0080bf;border-color: #0080bf;}#dt-btn-1:hover > .text-wrap * {color: #ffffff;}<\/style><a href=\"https:\/\/bdp.lt\/ru\/naujienos\/\" class=\"btn-shortcode dt-btn-m dt-btn outline-bg-btn custom-btn-color custom-btn-hover-color fadeIn animate-element animation-builder\" id=\"dt-btn-1\"><span>\u041f\u041e\u0414\u041f\u0418\u0421\u041a\u0410<\/span><\/a><\/p>\n<p>[\/vc_column_text][\/vc_column][\/vc_row][vc_row full_width=&#187;stretch_row_content_no_spaces&#187; full_height=&#187;yes&#187; content_placement=&#187;middle&#187; margin_bottom=&#187;-35&#8243; full_width_row=&#187;true&#187; padding_left=&#187;35&#8243; css=&#187;.vc_custom_1515365907083{padding-left: 35px !important;}&#187;][vc_column width=&#187;1\/3&#8243;][vc_column_text]<\/p>\n<h2>\u0421\u0432\u044f\u0436\u0438\u0442\u0435\u0441\u044c \u0441 \u043d\u0430\u043c\u0438<\/h2>\n<p>[\/vc_column_text]<div class=\"uavc-list-icon uavc-list-icon-wrapper ult-adjust-bottom-margin   \"><ul class=\"uavc-list\"><li><div class=\"uavc-list-content\" id=\"list-icon-wrap-6642\">\n<div class=\"uavc-list-icon  \" data-animation=\"\" data-animation-delay=\"03\" style=\"margin-right:8px;\"><div class=\"ult-just-icon-wrapper  \"><div class=\"align-icon\" style=\"text-align:center;\">\n<div class=\"aio-icon none \"  style=\"color:#0080bf;font-size:35px;display:inline-block;\">\n\t<i class=\"Defaults-map-marker\"><\/i>\n<\/div><\/div><\/div>\n<\/div><span  data-ultimate-target='#list-icon-wrap-6642 .uavc-list-desc'  data-responsive-json-new='{\"font-size\":\"\",\"line-height\":\"\"}'  class=\"uavc-list-desc ult-responsive\" style=\"\"><strong>\u0443\u043b. \u0412.\u00a0\u0421\u0438\u0440\u043e\u043a\u043e\u043c\u043b\u0435\u0441, \u0434.\u00a036, \u0434\u0435\u0440. \u041d\u044f\u043c\u0435\u0436\u0438\u0441, LT-13260, \u0412\u0438\u043b\u044c\u043d\u044e\u0441\u0441\u043a\u043e\u0435 \u0440\u0430\u0439\u043e\u043d\u043d\u043e\u0435 \u0441\u0430\u043c\u043e\u0443\u043f\u0440.<\/strong><\/p>\n<p><\/span><\/div><\/li><li><div class=\"uavc-list-content\" id=\"list-icon-wrap-2537\">\n<div class=\"uavc-list-icon  \" data-animation=\"\" data-animation-delay=\"03\" style=\"margin-right:8px;\"><div class=\"ult-just-icon-wrapper  \"><div class=\"align-icon\" style=\"text-align:center;\">\n<div class=\"aio-icon none \"  style=\"color:#0080bf;font-size:35px;display:inline-block;\">\n\t<i class=\"Defaults-phone\"><\/i>\n<\/div><\/div><\/div>\n<\/div><span  data-ultimate-target='#list-icon-wrap-2537 .uavc-list-desc'  data-responsive-json-new='{\"font-size\":\"\",\"line-height\":\"\"}'  class=\"uavc-list-desc ult-responsive\" style=\"\"><strong><a href=\"tel:+370 602 03090\">+370 602 03090<\/a><\/strong><\/p>\n<p><\/span><\/div><\/li><li><div class=\"uavc-list-content\" id=\"list-icon-wrap-9443\">\n<div class=\"uavc-list-icon  \" data-animation=\"\" data-animation-delay=\"03\" style=\"margin-right:8px;\"><div class=\"ult-just-icon-wrapper  \"><div class=\"align-icon\" style=\"text-align:center;\">\n<div class=\"aio-icon none \"  style=\"color:#0080bf;font-size:35px;display:inline-block;\">\n\t<i class=\"Defaults-envelope\"><\/i>\n<\/div><\/div><\/div>\n<\/div><span  data-ultimate-target='#list-icon-wrap-9443 .uavc-list-desc'  data-responsive-json-new='{\"font-size\":\"\",\"line-height\":\"\"}'  class=\"uavc-list-desc ult-responsive\" style=\"\"><strong><a href=\"mailto:admin@bdp.lt\">admin@bdp.lt<\/a><\/strong><\/p>\n<p><\/span><\/div><\/li><li><div class=\"uavc-list-content\" id=\"list-icon-wrap-9575\">\n<div class=\"uavc-list-icon  \" data-animation=\"\" data-animation-delay=\"03\" style=\"margin-right:8px;\"><div class=\"ult-just-icon-wrapper  \"><div class=\"align-icon\" style=\"text-align:center;\">\n<div class=\"aio-icon none \"  style=\"color:#0080bf;font-size:35px;display:inline-block;\">\n\t<i class=\"Defaults-whatsapp\"><\/i>\n<\/div><\/div><\/div>\n<\/div><span  data-ultimate-target='#list-icon-wrap-9575 .uavc-list-desc'  data-responsive-json-new='{\"font-size\":\"\",\"line-height\":\"\"}'  class=\"uavc-list-desc ult-responsive\" style=\"\"><strong><a href=\"callto:+370 602 03090\">+370 602 03090<\/a><\/strong><\/p>\n<p><\/span><\/div><\/li><li><div class=\"uavc-list-content\" id=\"list-icon-wrap-4036\">\n<div class=\"uavc-list-icon  \" data-animation=\"\" data-animation-delay=\"03\" style=\"margin-right:8px;\"><div class=\"ult-just-icon-wrapper  \"><div class=\"align-icon\" style=\"text-align:center;\">\n<div class=\"aio-icon none \"  style=\"color:#0080bf;font-size:35px;display:inline-block;\">\n\t<i class=\"Defaults-skype\"><\/i>\n<\/div><\/div><\/div>\n<\/div><span  data-ultimate-target='#list-icon-wrap-4036 .uavc-list-desc'  data-responsive-json-new='{\"font-size\":\"\",\"line-height\":\"\"}'  class=\"uavc-list-desc ult-responsive\" style=\"\"><strong>Admin BDP<\/strong><\/p>\n<p><\/span><\/div><\/li><\/ul><\/div>[\/vc_column][vc_column width=&#187;2\/3&#8243;][vc_gmaps link=&#187;#E-8_JTNDaWZyYW1lJTIwc3JjJTNEJTIyaHR0cHMlM0ElMkYlMkZ3d3cuZ29vZ2xlLmNvbSUyRm1hcHMlMkZlbWJlZCUzRnBiJTNEJTIxMW0xOCUyMTFtMTIlMjExbTMlMjExZDQ2MTkuMDcyODQ0Mjg2NTE5JTIxMmQyNS4zNDQ4NTMyMzMzNDIwNCUyMTNkNTQuNjI5NzcxNzgwMjY3OTk0JTIxMm0zJTIxMWYwJTIxMmYwJTIxM2YwJTIxM20yJTIxMWkxMDI0JTIxMmk3NjglMjE0ZjEzLjElMjEzbTMlMjExbTIlMjExczB4NDZkZDk1N2I5ZGY0NzhmNSUyNTNBMHgyNmRmOWZiOTE1MGYwZWNkJTIxMnpWaTRnVTJseWIydHZiV3pFbDNNZ1p5NGdNellzSUU1bGJjU1h4YjVwY3lBeE16STJNZyUyMTVlMCUyMTNtMiUyMTFzbHQlMjEyc2x0JTIxNHYxNTE1MTkyNzczNDY1JTIyJTIwd2lkdGglM0QlMjI2MDAlMjIlMjBoZWlnaHQlM0QlMjIzNTAlMjIlMjBmcmFtZWJvcmRlciUzRCUyMjAlMjIlMjBzdHlsZSUzRCUyMmJvcmRlciUzQTAlMjIlMjBhbGxvd2Z1bGxzY3JlZW4lM0UlM0MlMkZpZnJhbWUlM0U=&#187;][\/vc_column][\/vc_row]<\/p>\n<\/div>","protected":false},"excerpt":{"rendered":"<p>[vc_row type=&#187;vc_default&#187; full_width=&#187;stretch_row_content_no_spaces&#187; content_placement=&#187;middle&#187; full_width_row=&#187;true&#187; padding_left=&#187;50&#8243;][vc_column width=&#187;1\/3&#8243; css=&#187;.vc_custom_1516483421640{padding-left: 50px !important;background-color: #ffffff !important;}&#187;][vc_row_inner][vc_column_inner width=&#187;1\/2&#8243; css=&#187;.vc_custom_1547730507202{padding-right: 2px !important;}&#187;][vc_column_text] \u0411\u0430\u043d\u043d\u0435\u0440\u044b, \u0438\u0437\u0433\u043e\u0442\u043e\u0432\u043b\u0435\u043d\u0438\u0435 \u0431\u0430\u043d\u043d\u0435\u0440\u043e\u0432 [\/vc_column_text][\/vc_column_inner][vc_column_inner width=&#187;1\/2&#8243; css=&#187;.vc_custom_1547730516449{padding-right: 2px !important;}&#187;][vc_column_text] \u0418\u0437\u0433\u043e\u0442\u043e\u0432\u043b\u0435\u043d\u0438\u0435 \u0440\u0435\u043a\u043b\u0430\u043c\u044b [\/vc_column_text][\/vc_column_inner][\/vc_row_inner][vc_row_inner][vc_column_inner width=&#187;1\/2&#8243; css=&#187;.vc_custom_1547730522506{padding-right: 2px !important;}&#187;][vc_column_text] \u041f\u0435\u0447\u0430\u0442\u044c \u043d\u0430 \u0441\u043f\u0435\u0446\u0438\u0430\u043b\u044c\u043d\u043e\u043c \u043c\u0430\u0442\u0435\u0440\u0438\u0430\u043b\u0435 \u0431\u044d\u043a\u043b\u0438\u0442 (backlit), \u0444\u043b\u0430\u0433\u0430\u0445, \u0445\u043e\u043b\u0441\u0442\u0430\u0445 \u0438 \u043e\u0431\u043e\u044f\u0445 [\/vc_column_text][\/vc_column_inner][vc_column_inner width=&#187;1\/2&#8243; css=&#187;.vc_custom_1547730441635{padding-right: 3px !important;}&#187;][vc_column_text] \u041f\u0435\u0447\u0430\u0442\u044c \u043d\u0430 \u043a\u0430\u0440\u0442\u043e\u043d\u0435, \u043f\u043b\u0430\u0441\u0442\u0438\u043a\u0435, \u0430\u043b\u044e\u043c\u0438\u043d\u0438\u0438, \u043a\u043e\u043c\u043f\u043e\u0437\u0438\u0442\u0435, \u0430\u043a\u0440\u0438\u043b\u0435, \u0441\u0442\u0435\u043a\u043b\u0435 [\/vc_column_text][\/vc_column_inner][\/vc_row_inner][vc_row_inner][vc_column_inner&hellip;<\/p>\n","protected":false},"author":1,"featured_media":0,"parent":0,"menu_order":0,"comment_status":"closed","ping_status":"closed","template":"template-microsite.php","meta":[],"class_list":["post-475","page","type-page","status-publish","hentry","description-off"],"_links":{"self":[{"href":"https:\/\/bdp.lt\/ru\/wp-json\/wp\/v2\/pages\/475","targetHints":{"allow":["GET"]}}],"collection":[{"href":"https:\/\/bdp.lt\/ru\/wp-json\/wp\/v2\/pages"}],"about":[{"href":"https:\/\/bdp.lt\/ru\/wp-json\/wp\/v2\/types\/page"}],"author":[{"embeddable":true,"href":"https:\/\/bdp.lt\/ru\/wp-json\/wp\/v2\/users\/1"}],"replies":[{"embeddable":true,"href":"https:\/\/bdp.lt\/ru\/wp-json\/wp\/v2\/comments?post=475"}],"version-history":[{"count":8,"href":"https:\/\/bdp.lt\/ru\/wp-json\/wp\/v2\/pages\/475\/revisions"}],"predecessor-version":[{"id":713,"href":"https:\/\/bdp.lt\/ru\/wp-json\/wp\/v2\/pages\/475\/revisions\/713"}],"wp:attachment":[{"href":"https:\/\/bdp.lt\/ru\/wp-json\/wp\/v2\/media?parent=475"}],"curies":[{"name":"wp","href":"https:\/\/api.w.org\/{rel}","templated":true}]}}