{"id":422,"date":"2018-01-05T17:08:47","date_gmt":"2018-01-05T14:08:47","guid":{"rendered":"https:\/\/bdp.lt\/gaminiai\/"},"modified":"2019-09-12T12:21:41","modified_gmt":"2019-09-12T09:21:41","slug":"gaminiai","status":"publish","type":"page","link":"https:\/\/bdp.lt\/ru\/gaminiai\/","title":{"rendered":"\u0418\u0437\u0434\u0435\u043b\u0438\u044f \u0438 \u0443\u0441\u043b\u0443\u0433\u0438"},"content":{"rendered":"<div class=\"wpb-content-wrapper\"><p>[vc_row][vc_column width=&#187;1\/2&#8243;]<div class=\"ult-content-box-container \" >\t<a class=\"ult-content-box-anchor\" href=\"https:\/\/bdp.lt\/ru\/gaminiai\/tentai-tentu-gamyba\/\" >\t\t<div class=\"ult-content-box\" style=\"box-shadow: px px px px none;padding:20px;-webkit-transition: all 700ms ease;-moz-transition: all 700ms ease;-ms-transition: all 700ms ease;-o-transition: all 700ms ease;transition: all 700ms ease;\"  data-hover_box_shadow=\" 1px 1px 3px 1px #000000 \"    >[vc_column_text]<\/p>\n<p style=\"text-align: left;\"><img loading=\"lazy\" decoding=\"async\" class=\"alignnone wp-image-47 size-full\" src=\"http:\/\/bdp.lt\/\/wp-content\/uploads\/2018\/01\/Spauda-ant-tento-ir-tinklo.png\" alt=\"\" width=\"45\" height=\"45\" \/><\/p>\n<h3 style=\"text-align: left;\">\u0422\u0435\u043d\u0442\u044b, \u0438\u0437\u0433\u043e\u0442\u043e\u0432\u043b\u0435\u043d\u0438\u0435 \u0442\u0435\u043d\u0442\u043e\u0432<\/h3>\n<p>[\/vc_column_text]\t\t<\/div>\t<\/a><\/div>[\/vc_column][vc_column width=&#187;1\/2&#8243;]<div class=\"ult-content-box-container \" >\t<a class=\"ult-content-box-anchor\" href=\"https:\/\/bdp.lt\/ru\/gaminiai\/lipdukai-lipduku-gamyba\/\" >\t\t<div class=\"ult-content-box\" style=\"box-shadow: px px px px none;padding:20px;-webkit-transition: all 700ms ease;-moz-transition: all 700ms ease;-ms-transition: all 700ms ease;-o-transition: all 700ms ease;transition: all 700ms ease;\"  data-hover_box_shadow=\" 1px 1px 3px 1px #000000 \"    >[vc_column_text]<\/p>\n<p style=\"text-align: left;\"><img loading=\"lazy\" decoding=\"async\" class=\"alignnone wp-image-46 size-full\" src=\"http:\/\/bdp.lt\/\/wp-content\/uploads\/2018\/01\/Spauda-ant-lipduko-ir-popieriaus.png\" alt=\"\" width=\"45\" height=\"45\" \/><\/p>\n<h3 style=\"text-align: left;\">\u041d\u0430\u043a\u043b\u0435\u0439\u043a\u0438, \u0438\u0437\u0433\u043e\u0442\u043e\u0432\u043b\u0435\u043d\u0438\u0435 \u043d\u0430\u043a\u043b\u0435\u0435\u043a<\/h3>\n<p>[\/vc_column_text]\t\t<\/div>\t<\/a><\/div>[\/vc_column][\/vc_row][vc_row][vc_column width=&#187;1\/2&#8243;]<div class=\"ult-content-box-container \" >\t<a class=\"ult-content-box-anchor\" href=\"https:\/\/bdp.lt\/ru\/gaminiai\/spauda-ant-skaidriu-backlit-veliavu-drobiu-ir-tapetu\/\" >\t\t<div class=\"ult-content-box\" style=\"box-shadow: px px px px none;padding:20px;-webkit-transition: all 700ms ease;-moz-transition: all 700ms ease;-ms-transition: all 700ms ease;-o-transition: all 700ms ease;transition: all 700ms ease;\"  data-hover_box_shadow=\" 1px 1px 3px 1px #000000 \"    >[vc_column_text]<\/p>\n<p style=\"text-align: left;\"><img loading=\"lazy\" decoding=\"async\" class=\"alignnone wp-image-48 size-full\" src=\"http:\/\/bdp.lt\/\/wp-content\/uploads\/2018\/01\/Spauda-ant-v\u0117liav\u0173-skaidri\u0173-drobi\u0173-ir-tapet\u0173.png\" alt=\"\" width=\"45\" height=\"45\" \/><\/p>\n<h3 style=\"text-align: left;\">\u041f\u0435\u0447\u0430\u0442\u044c \u043d\u0430 \u0441\u043f\u0435\u0446\u0438\u0430\u043b\u044c\u043d\u043e\u043c \u043c\u0430\u0442\u0435\u0440\u0438\u0430\u043b\u0435 \u0431\u044d\u043a\u043b\u0438\u0442 (backlit), \u0444\u043b\u0430\u0433\u0430\u0445, \u0445\u043e\u043b\u0441\u0442\u0430\u0445 \u0438 \u043e\u0431\u043e\u044f\u0445<\/h3>\n<p>[\/vc_column_text]\t\t<\/div>\t<\/a><\/div>[\/vc_column][vc_column width=&#187;1\/2&#8243;]<div class=\"ult-content-box-container \" >\t<a class=\"ult-content-box-anchor\" href=\"https:\/\/bdp.lt\/ru\/gaminiai\/spauda-ant-kartono-plastiko-aliuminio-kompozito-akrilo-stiklo\/\" >\t\t<div class=\"ult-content-box\" style=\"box-shadow: px px px px none;padding:20px;-webkit-transition: all 700ms ease;-moz-transition: all 700ms ease;-ms-transition: all 700ms ease;-o-transition: all 700ms ease;transition: all 700ms ease;\"  data-hover_box_shadow=\" 1px 1px 3px 1px #000000 \"    >[vc_column_text]<\/p>\n<p style=\"text-align: left;\"><img loading=\"lazy\" decoding=\"async\" class=\"alignnone wp-image-45 size-full\" src=\"http:\/\/bdp.lt\/\/wp-content\/uploads\/2018\/01\/Spauda-ant-kartono-plastiko-aliuminio-kompozito-akrilo-stiklo.png\" alt=\"\" width=\"45\" height=\"45\" \/><\/p>\n<h3 style=\"text-align: left;\">\u041f\u0435\u0447\u0430\u0442\u044c \u043d\u0430 \u043a\u0430\u0440\u0442\u043e\u043d\u0435, \u043f\u043b\u0430\u0441\u0442\u0438\u043a\u0435, \u0430\u043b\u044e\u043c\u0438\u043d\u0438\u0438, \u043a\u043e\u043c\u043f\u043e\u0437\u0438\u0442\u0435, \u0430\u043a\u0440\u0438\u043b\u0435, \u0441\u0442\u0435\u043a\u043b\u0435<\/h3>\n<p>[\/vc_column_text]\t\t<\/div>\t<\/a><\/div>[\/vc_column][\/vc_row][vc_row][vc_column width=&#187;1\/2&#8243;]<div class=\"ult-content-box-container \" >\t<a class=\"ult-content-box-anchor\" href=\"https:\/\/bdp.lt\/ru\/gaminiai\/plakatai-plakatu-gamyba\/\" >\t\t<div class=\"ult-content-box\" style=\"box-shadow: px px px px none;padding:20px;-webkit-transition: all 700ms ease;-moz-transition: all 700ms ease;-ms-transition: all 700ms ease;-o-transition: all 700ms ease;transition: all 700ms ease;\"  data-hover_box_shadow=\" 1px 1px 3px 1px #000000 \"    >[vc_column_text]<\/p>\n<p style=\"text-align: left;\"><img loading=\"lazy\" decoding=\"async\" class=\"alignnone wp-image-159 size-full\" src=\"http:\/\/bdp.lt\/\/wp-content\/uploads\/2018\/01\/Plakatai-plakat\u0173-gamyba-spauda.png\" alt=\"\" width=\"29\" height=\"45\" \/><\/p>\n<h3 style=\"text-align: left;\">\u041f\u043b\u0430\u043a\u0430\u0442\u044b, \u0438\u0437\u0433\u043e\u0442\u043e\u0432\u043b\u0435\u043d\u0438\u0435 \u043f\u043b\u0430\u043a\u0430\u0442\u043e\u0432<\/h3>\n<p>[\/vc_column_text]\t\t<\/div>\t<\/a><\/div>[\/vc_column][vc_column width=&#187;1\/2&#8243;]<div class=\"ult-content-box-container \" >\t<a class=\"ult-content-box-anchor\" href=\"https:\/\/bdp.lt\/ru\/gaminiai\/reklamos-gamyba\/\" >\t\t<div class=\"ult-content-box\" style=\"box-shadow: px px px px none;padding:20px;-webkit-transition: all 700ms ease;-moz-transition: all 700ms ease;-ms-transition: all 700ms ease;-o-transition: all 700ms ease;transition: all 700ms ease;\"  data-hover_box_shadow=\" 1px 1px 3px 1px #000000 \"    >[vc_column_text]<\/p>\n<p style=\"text-align: left;\"><img loading=\"lazy\" decoding=\"async\" class=\"alignnone wp-image-161 size-full\" src=\"http:\/\/bdp.lt\/\/wp-content\/uploads\/2018\/01\/Reklamos-darbai-paslaugos.png\" alt=\"\" width=\"30\" height=\"45\" \/><\/p>\n<h3 style=\"text-align: left;\">\u0418\u0437\u0433\u043e\u0442\u043e\u0432\u043b\u0435\u043d\u0438\u0435 \u0440\u0435\u043a\u043b\u0430\u043c\u044b<\/h3>\n<p>[\/vc_column_text]\t\t<\/div>\t<\/a><\/div>[\/vc_column][\/vc_row][vc_row][vc_column width=&#187;1\/2&#8243;]<div class=\"ult-content-box-container \" >\t<a class=\"ult-content-box-anchor\" href=\"https:\/\/bdp.lt\/ru\/gaminiai\/lipdukai-lipduku-gamyba\/\" >\t\t<div class=\"ult-content-box\" style=\"box-shadow: px px px px none;border-style:none;border-color:#000000;padding:20px;-webkit-transition: all 700ms ease;-moz-transition: all 700ms ease;-ms-transition: all 700ms ease;-o-transition: all 700ms ease;transition: all 700ms ease;\"  data-hover_box_shadow=\" 1px 1px 3px 1px #000000 \"     data-border_color=\"#000000\" >[vc_column_text]<\/p>\n<p style=\"text-align: left;\"><img loading=\"lazy\" decoding=\"async\" class=\"alignnone wp-image-160 size-full\" src=\"http:\/\/bdp.lt\/\/wp-content\/uploads\/2018\/01\/Dizaino-paslaugos.png\" alt=\"\" width=\"58\" height=\"45\" \/><\/p>\n<h3 style=\"text-align: left;\">\u0414\u0438\u0437\u0430\u0439\u043d, \u0434\u0438\u0437\u0430\u0439\u043d\u0435\u0440\u0441\u043a\u0438\u0435 \u0440\u0430\u0431\u043e\u0442\u044b<\/h3>\n<p>[\/vc_column_text]\t\t<\/div>\t<\/a><\/div>[\/vc_column][vc_column width=&#187;1\/2&#8243;][\/vc_column][\/vc_row]<\/p>\n<\/div>","protected":false},"excerpt":{"rendered":"<p>[vc_row][vc_column width=&#187;1\/2&#8243;][\/vc_column][vc_column width=&#187;1\/2&#8243;][\/vc_column][\/vc_row][vc_row][vc_column width=&#187;1\/2&#8243;][\/vc_column][vc_column width=&#187;1\/2&#8243;][\/vc_column][\/vc_row][vc_row][vc_column width=&#187;1\/2&#8243;][\/vc_column][vc_column width=&#187;1\/2&#8243;][\/vc_column][\/vc_row][vc_row][vc_column width=&#187;1\/2&#8243;][\/vc_column][vc_column width=&#187;1\/2&#8243;][\/vc_column][\/vc_row]<\/p>\n","protected":false},"author":1,"featured_media":0,"parent":0,"menu_order":0,"comment_status":"closed","ping_status":"closed","template":"template-microsite.php","meta":[],"class_list":["post-422","page","type-page","status-publish","hentry","description-off"],"_links":{"self":[{"href":"https:\/\/bdp.lt\/ru\/wp-json\/wp\/v2\/pages\/422","targetHints":{"allow":["GET"]}}],"collection":[{"href":"https:\/\/bdp.lt\/ru\/wp-json\/wp\/v2\/pages"}],"about":[{"href":"https:\/\/bdp.lt\/ru\/wp-json\/wp\/v2\/types\/page"}],"author":[{"embeddable":true,"href":"https:\/\/bdp.lt\/ru\/wp-json\/wp\/v2\/users\/1"}],"replies":[{"embeddable":true,"href":"https:\/\/bdp.lt\/ru\/wp-json\/wp\/v2\/comments?post=422"}],"version-history":[{"count":4,"href":"https:\/\/bdp.lt\/ru\/wp-json\/wp\/v2\/pages\/422\/revisions"}],"predecessor-version":[{"id":481,"href":"https:\/\/bdp.lt\/ru\/wp-json\/wp\/v2\/pages\/422\/revisions\/481"}],"wp:attachment":[{"href":"https:\/\/bdp.lt\/ru\/wp-json\/wp\/v2\/media?parent=422"}],"curies":[{"name":"wp","href":"https:\/\/api.w.org\/{rel}","templated":true}]}}