{"id":387,"date":"2018-01-06T02:07:05","date_gmt":"2018-01-05T23:07:05","guid":{"rendered":"https:\/\/bdp.lt\/kontaktai\/"},"modified":"2019-09-19T15:19:06","modified_gmt":"2019-09-19T12:19:06","slug":"contacts","status":"publish","type":"page","link":"https:\/\/bdp.lt\/en\/contacts\/","title":{"rendered":"Contacts"},"content":{"rendered":"<div class=\"wpb-content-wrapper\"><p>[vc_row][vc_column width=&#8221;1\/3&#8243;][vc_column_text]<\/p>\n<h3>UAB \u201eBaltic Digital Printing\u201c<\/h3>\n<p><span class=\"\">V. Sirokoml\u0117s g. 36, Nem\u0117\u017eio village,\u00a0LT-13260, Vilniaus district municipality<\/span><\/p>\n<p>Tel. <a href=\"tel:+370 602 03090\">+370 602 03090<\/a><\/p>\n<p><a href=\"mailto:admin@bdp.lt\">E-mail us\u2026<\/a><\/p>\n<div class=\"soc-ico\"><a title=\"Instagram\" href=\"https:\/\/www.instagram.com\/bdplietuva\/\" target=\"_blank\" class=\"instagram\"><span class=\"assistive-text\">Instagram<\/span><\/a><a title=\"Facebook\" href=\"https:\/\/www.facebook.com\/bdp.lietuva\" target=\"_blank\" class=\"facebook\"><span class=\"assistive-text\">Facebook<\/span><\/a><a title=\"YouTube\" href=\"https:\/\/www.youtube.com\/channel\/UCokEkL1Nn7gsv6SQCiScfPA\" target=\"_blank\" class=\"you-tube\"><span class=\"assistive-text\">YouTube<\/span><\/a><\/div>[\/vc_column_text][\/vc_column][vc_column width=&#8221;1\/3&#8243;][vc_gmaps link=&#8221;#E-8_JTNDaWZyYW1lJTIwc3JjJTNEJTIyaHR0cHMlM0ElMkYlMkZ3d3cuZ29vZ2xlLmNvbSUyRm1hcHMlMkZlbWJlZCUzRnBiJTNEJTIxMW0xOCUyMTFtMTIlMjExbTMlMjExZDQ2MTkuMDcyODQ0Mjg2NTE5JTIxMmQyNS4zNDQ4NTMyMzMzNDIwNCUyMTNkNTQuNjI5NzcxNzgwMjY3OTk0JTIxMm0zJTIxMWYwJTIxMmYwJTIxM2YwJTIxM20yJTIxMWkxMDI0JTIxMmk3NjglMjE0ZjEzLjElMjEzbTMlMjExbTIlMjExczB4NDZkZDk1N2I5ZGY0NzhmNSUyNTNBMHgyNmRmOWZiOTE1MGYwZWNkJTIxMnpWaTRnVTJseWIydHZiV3pFbDNNZ1p5NGdNellzSUU1bGJjU1h4YjVwY3lBeE16STJNZyUyMTVlMCUyMTNtMiUyMTFzbHQlMjEyc2x0JTIxNHYxNTE1MTkyNzczNDY1JTIyJTIwd2lkdGglM0QlMjI2MDAlMjIlMjBoZWlnaHQlM0QlMjIzMDAlMjIlMjBmcmFtZWJvcmRlciUzRCUyMjAlMjIlMjBzdHlsZSUzRCUyMmJvcmRlciUzQTAlMjIlMjBhbGxvd2Z1bGxzY3JlZW4lM0UlM0MlMkZpZnJhbWUlM0U=&#8221;][\/vc_column][vc_column width=&#8221;1\/3&#8243;]\n<div class=\"wpcf7 no-js\" id=\"wpcf7-f550-o1\" lang=\"en-US\" dir=\"ltr\" data-wpcf7-id=\"550\">\n<div class=\"screen-reader-response\"><p role=\"status\" aria-live=\"polite\" aria-atomic=\"true\"><\/p> <ul><\/ul><\/div>\n<form action=\"\/en\/wp-json\/wp\/v2\/pages\/387#wpcf7-f550-o1\" method=\"post\" class=\"wpcf7-form init\" aria-label=\"Contact form\" novalidate=\"novalidate\" data-status=\"init\">\n<div style=\"display: none;\">\n<input type=\"hidden\" name=\"_wpcf7\" value=\"550\" \/>\n<input type=\"hidden\" name=\"_wpcf7_version\" value=\"6.0.3\" \/>\n<input type=\"hidden\" name=\"_wpcf7_locale\" value=\"en_US\" \/>\n<input type=\"hidden\" name=\"_wpcf7_unit_tag\" value=\"wpcf7-f550-o1\" \/>\n<input type=\"hidden\" name=\"_wpcf7_container_post\" value=\"0\" \/>\n<input type=\"hidden\" name=\"_wpcf7_posted_data_hash\" value=\"\" \/>\n<input type=\"hidden\" name=\"_wpcf7_recaptcha_response\" value=\"\" \/>\n<\/div>\n<p><span class=\"wpcf7-form-control-wrap\" data-name=\"your-name\"><input size=\"40\" maxlength=\"400\" class=\"wpcf7-form-control wpcf7-text wpcf7-validates-as-required\" aria-required=\"true\" aria-invalid=\"false\" placeholder=\"*Name\" value=\"\" type=\"text\" name=\"your-name\" \/><\/span><br \/>\n<span class=\"wpcf7-form-control-wrap\" data-name=\"tel-nr\"><input size=\"40\" maxlength=\"400\" class=\"wpcf7-form-control wpcf7-tel wpcf7-validates-as-required wpcf7-text wpcf7-validates-as-tel\" aria-required=\"true\" aria-invalid=\"false\" placeholder=\"*Phone number\" value=\"\" type=\"tel\" name=\"tel-nr\" \/><\/span><br \/>\n<span class=\"wpcf7-form-control-wrap\" data-name=\"your-mail\"><input size=\"40\" maxlength=\"400\" class=\"wpcf7-form-control wpcf7-email wpcf7-validates-as-required wpcf7-text wpcf7-validates-as-email\" aria-required=\"true\" aria-invalid=\"false\" placeholder=\"*Your email\" value=\"\" type=\"email\" name=\"your-mail\" \/><\/span><br \/>\n<span class=\"wpcf7-form-control-wrap\" data-name=\"your-message\"><textarea cols=\"40\" rows=\"4\" maxlength=\"2000\" class=\"wpcf7-form-control wpcf7-textarea\" aria-invalid=\"false\" placeholder=\"Message or comment...\" name=\"your-message\"><\/textarea><\/span>\n<\/p>\n<div class=\"recaptchaform2\">\n\n<\/div>\n<div class=\"cf7submitbtn\">\n\t<p><input class=\"wpcf7-form-control wpcf7-submit has-spinner\" type=\"submit\" value=\"Submit\" \/>\n\t<\/p>\n<\/div><div class=\"wpcf7-response-output\" aria-hidden=\"true\"><\/div>\n<\/form>\n<\/div>\n[\/vc_column][\/vc_row][vc_row type=&#8221;vc_default&#8221; bg_type=&#8221;bg_color&#8221; bg_color_value=&#8221;#f2f2f2&#8243; css=&#8221;.vc_custom_1515193574379{margin-top: 30px !important;}&#8221;][vc_column width=&#8221;1\/2&#8243;][vc_column_text]<\/p>\n<h3>Detail information<\/h3>\n<p>Company number 300651537<br \/>\nVAT number LT100003365619<br \/>\nCompany is registered at <span class=\"\">V. Sirokoml\u0117s 36, Nem\u0117\u017eis village,\u00a0LT-13260, Vilnius region<\/span><br \/>\nBank AB SEB bankas, bank number 70440<br \/>\nAccount LT527044060005887256[\/vc_column_text][\/vc_column][vc_column width=&#8221;1\/2&#8243;][vc_single_image image=&#8221;95&#8243; img_size=&#8221;full&#8221;][\/vc_column][\/vc_row]<\/p>\n<\/div>","protected":false},"excerpt":{"rendered":"<p>[vc_row][vc_column width=&#8221;1\/3&#8243;][vc_column_text] UAB \u201eBaltic Digital Printing\u201c V. Sirokoml\u0117s g. 36, Nem\u0117\u017eio village,\u00a0LT-13260, Vilniaus district municipality Tel. +370 602 03090 E-mail us\u2026 [\/vc_column_text][\/vc_column][vc_column width=&#8221;1\/3&#8243;][vc_gmaps link=&#8221;#E-8_JTNDaWZyYW1lJTIwc3JjJTNEJTIyaHR0cHMlM0ElMkYlMkZ3d3cuZ29vZ2xlLmNvbSUyRm1hcHMlMkZlbWJlZCUzRnBiJTNEJTIxMW0xOCUyMTFtMTIlMjExbTMlMjExZDQ2MTkuMDcyODQ0Mjg2NTE5JTIxMmQyNS4zNDQ4NTMyMzMzNDIwNCUyMTNkNTQuNjI5NzcxNzgwMjY3OTk0JTIxMm0zJTIxMWYwJTIxMmYwJTIxM2YwJTIxM20yJTIxMWkxMDI0JTIxMmk3NjglMjE0ZjEzLjElMjEzbTMlMjExbTIlMjExczB4NDZkZDk1N2I5ZGY0NzhmNSUyNTNBMHgyNmRmOWZiOTE1MGYwZWNkJTIxMnpWaTRnVTJseWIydHZiV3pFbDNNZ1p5NGdNellzSUU1bGJjU1h4YjVwY3lBeE16STJNZyUyMTVlMCUyMTNtMiUyMTFzbHQlMjEyc2x0JTIxNHYxNTE1MTkyNzczNDY1JTIyJTIwd2lkdGglM0QlMjI2MDAlMjIlMjBoZWlnaHQlM0QlMjIzMDAlMjIlMjBmcmFtZWJvcmRlciUzRCUyMjAlMjIlMjBzdHlsZSUzRCUyMmJvcmRlciUzQTAlMjIlMjBhbGxvd2Z1bGxzY3JlZW4lM0UlM0MlMkZpZnJhbWUlM0U=&#8221;][\/vc_column][vc_column width=&#8221;1\/3&#8243;][\/vc_column][\/vc_row][vc_row type=&#8221;vc_default&#8221; bg_type=&#8221;bg_color&#8221; bg_color_value=&#8221;#f2f2f2&#8243; css=&#8221;.vc_custom_1515193574379{margin-top: 30px !important;}&#8221;][vc_column width=&#8221;1\/2&#8243;][vc_column_text] Detail information Company number 300651537 VAT number LT100003365619 Company is registered at V. Sirokoml\u0117s 36, Nem\u0117\u017eis village,\u00a0LT-13260, Vilnius region Bank AB SEB bankas,&hellip;<\/p>\n","protected":false},"author":1,"featured_media":0,"parent":0,"menu_order":0,"comment_status":"closed","ping_status":"closed","template":"template-microsite.php","meta":[],"class_list":["post-387","page","type-page","status-publish","hentry","description-off"],"_links":{"self":[{"href":"https:\/\/bdp.lt\/en\/wp-json\/wp\/v2\/pages\/387","targetHints":{"allow":["GET"]}}],"collection":[{"href":"https:\/\/bdp.lt\/en\/wp-json\/wp\/v2\/pages"}],"about":[{"href":"https:\/\/bdp.lt\/en\/wp-json\/wp\/v2\/types\/page"}],"author":[{"embeddable":true,"href":"https:\/\/bdp.lt\/en\/wp-json\/wp\/v2\/users\/1"}],"replies":[{"embeddable":true,"href":"https:\/\/bdp.lt\/en\/wp-json\/wp\/v2\/comments?post=387"}],"version-history":[{"count":4,"href":"https:\/\/bdp.lt\/en\/wp-json\/wp\/v2\/pages\/387\/revisions"}],"predecessor-version":[{"id":551,"href":"https:\/\/bdp.lt\/en\/wp-json\/wp\/v2\/pages\/387\/revisions\/551"}],"wp:attachment":[{"href":"https:\/\/bdp.lt\/en\/wp-json\/wp\/v2\/media?parent=387"}],"curies":[{"name":"wp","href":"https:\/\/api.w.org\/{rel}","templated":true}]}}